{"id":1776,"date":"2022-02-02T07:30:17","date_gmt":"2022-02-02T07:30:17","guid":{"rendered":"https:\/\/assumptafontseca.cat\/receptes\/escalivada\/"},"modified":"2022-03-09T16:00:34","modified_gmt":"2022-03-09T16:00:34","slug":"escalivada","status":"publish","type":"product","link":"https:\/\/assumptafontseca.cat\/es\/recetas\/del-huerto\/escalivada\/","title":{"rendered":"Escalivada"},"content":{"rendered":"<p>\u00a1La escalivada es una de esas recetas inmejorables que siempre apetece! La puedes comer como plato principal acompa\u00f1ada de arroz, con un peque\u00f1o toque de calor encima de un buen trozo de pan tostado, o bien, mezclada con la ensalada.<\/p>\n<p>Todo un mundo de combinaciones hacen de la escalivada un plato que siempre gusta encontrarlo en la mesa.<\/p>\n","protected":false},"excerpt":{"rendered":"<p>500 gr<\/p>\n","protected":false},"featured_media":1250,"comment_status":"open","ping_status":"closed","template":"","meta":{"_monsterinsights_skip_tracking":false,"_monsterinsights_sitenote_active":false,"_monsterinsights_sitenote_note":"","_monsterinsights_sitenote_category":0},"product_brand":[],"product_cat":[77],"product_tag":[213,216,217,220,221],"class_list":{"0":"post-1776","1":"product","2":"type-product","3":"status-publish","4":"has-post-thumbnail","6":"product_cat-del-huerto","7":"product_tag-recetas-de-verduras-es","8":"product_tag-recetas-vegetarianas","9":"product_tag-sano","10":"product_tag-vegetariano","11":"product_tag-verduras","13":"first","14":"instock","15":"shipping-taxable","16":"product-type-simple"},"yoast_head":"<!-- This site is optimized with the Yoast SEO plugin v27.2 - https:\/\/yoast.com\/product\/yoast-seo-wordpress\/ -->\n<title>Escalivada - Assumpta Fontseca<\/title>\n<meta name=\"description\" content=\"\u00a1La escalivada es un plato inmejorable! Todo un mundo de combinaciones hace de este, un plato que siempre gusta encontrarlo en la mesa.\" \/>\n<meta name=\"robots\" content=\"index, follow, max-snippet:-1, max-image-preview:large, max-video-preview:-1\" \/>\n<link rel=\"canonical\" href=\"https:\/\/assumptafontseca.cat\/es\/recetas\/de-lhort\/escalivada\/\" \/>\n<meta property=\"og:locale\" content=\"es_ES\" \/>\n<meta property=\"og:type\" content=\"article\" \/>\n<meta property=\"og:title\" content=\"Escalivada - Assumpta Fontseca\" \/>\n<meta property=\"og:description\" content=\"\u00a1La escalivada es un plato inmejorable! Todo un mundo de combinaciones hace de este, un plato que siempre gusta encontrarlo en la mesa.\" \/>\n<meta property=\"og:url\" content=\"https:\/\/assumptafontseca.cat\/es\/recetas\/de-lhort\/escalivada\/\" \/>\n<meta property=\"og:site_name\" content=\"Assumpta Fontseca\" \/>\n<meta property=\"article:modified_time\" content=\"2022-03-09T16:00:34+00:00\" \/>\n<meta property=\"og:image\" content=\"https:\/\/assumptafontseca.cat\/wp-content\/uploads\/2022\/02\/escalivada.jpg\" \/>\n\t<meta property=\"og:image:width\" content=\"1000\" \/>\n\t<meta property=\"og:image:height\" content=\"1000\" \/>\n\t<meta property=\"og:image:type\" content=\"image\/jpeg\" \/>\n<meta name=\"twitter:card\" content=\"summary_large_image\" \/>\n<script type=\"application\/ld+json\" class=\"yoast-schema-graph\">{\"@context\":\"https:\/\/schema.org\",\"@graph\":[{\"@type\":\"WebPage\",\"@id\":\"https:\/\/assumptafontseca.cat\/es\/recetas\/de-lhort\/escalivada\/\",\"url\":\"https:\/\/assumptafontseca.cat\/es\/recetas\/de-lhort\/escalivada\/\",\"name\":\"Escalivada - Assumpta Fontseca\",\"isPartOf\":{\"@id\":\"https:\/\/assumptafontseca.cat\/#website\"},\"primaryImageOfPage\":{\"@id\":\"https:\/\/assumptafontseca.cat\/es\/recetas\/de-lhort\/escalivada\/#primaryimage\"},\"image\":{\"@id\":\"https:\/\/assumptafontseca.cat\/es\/recetas\/de-lhort\/escalivada\/#primaryimage\"},\"thumbnailUrl\":\"https:\/\/assumptafontseca.cat\/wp-content\/uploads\/2022\/02\/escalivada.jpg\",\"datePublished\":\"2022-02-02T07:30:17+00:00\",\"dateModified\":\"2022-03-09T16:00:34+00:00\",\"description\":\"\u00a1La escalivada es un plato inmejorable! Todo un mundo de combinaciones hace de este, un plato que siempre gusta encontrarlo en la mesa.\",\"breadcrumb\":{\"@id\":\"https:\/\/assumptafontseca.cat\/es\/recetas\/de-lhort\/escalivada\/#breadcrumb\"},\"inLanguage\":\"es\",\"potentialAction\":[{\"@type\":\"ReadAction\",\"target\":[\"https:\/\/assumptafontseca.cat\/es\/recetas\/de-lhort\/escalivada\/\"]}]},{\"@type\":\"ImageObject\",\"inLanguage\":\"es\",\"@id\":\"https:\/\/assumptafontseca.cat\/es\/recetas\/de-lhort\/escalivada\/#primaryimage\",\"url\":\"https:\/\/assumptafontseca.cat\/wp-content\/uploads\/2022\/02\/escalivada.jpg\",\"contentUrl\":\"https:\/\/assumptafontseca.cat\/wp-content\/uploads\/2022\/02\/escalivada.jpg\",\"width\":1000,\"height\":1000,\"caption\":\"escalivada\"},{\"@type\":\"BreadcrumbList\",\"@id\":\"https:\/\/assumptafontseca.cat\/es\/recetas\/de-lhort\/escalivada\/#breadcrumb\",\"itemListElement\":[{\"@type\":\"ListItem\",\"position\":1,\"name\":\"Portada\",\"item\":\"https:\/\/assumptafontseca.cat\/\"},{\"@type\":\"ListItem\",\"position\":2,\"name\":\"Productos\",\"item\":\"https:\/\/assumptafontseca.cat\/tienda\/\"},{\"@type\":\"ListItem\",\"position\":3,\"name\":\"De l\u2019hort\",\"item\":\"https:\/\/assumptafontseca.cat\/plats-cuinats\/de-lhort\/\"},{\"@type\":\"ListItem\",\"position\":4,\"name\":\"Escalivada\"}]},{\"@type\":\"WebSite\",\"@id\":\"https:\/\/assumptafontseca.cat\/#website\",\"url\":\"https:\/\/assumptafontseca.cat\/\",\"name\":\"Assumpta Fontseca\",\"description\":\"La passi\u00f3 que compartim per la \u201cfeina ben feta\u201d, \u00e9s la millor garantia que cadascun dels nostres plats ser\u00e0 \u00fanic i especial.\",\"potentialAction\":[{\"@type\":\"SearchAction\",\"target\":{\"@type\":\"EntryPoint\",\"urlTemplate\":\"https:\/\/assumptafontseca.cat\/?s={search_term_string}\"},\"query-input\":{\"@type\":\"PropertyValueSpecification\",\"valueRequired\":true,\"valueName\":\"search_term_string\"}}],\"inLanguage\":\"es\"}]}<\/script>\n<!-- \/ Yoast SEO plugin. -->","yoast_head_json":{"title":"Escalivada - Assumpta Fontseca","description":"\u00a1La escalivada es un plato inmejorable! Todo un mundo de combinaciones hace de este, un plato que siempre gusta encontrarlo en la mesa.","robots":{"index":"index","follow":"follow","max-snippet":"max-snippet:-1","max-image-preview":"max-image-preview:large","max-video-preview":"max-video-preview:-1"},"canonical":"https:\/\/assumptafontseca.cat\/es\/recetas\/de-lhort\/escalivada\/","og_locale":"es_ES","og_type":"article","og_title":"Escalivada - Assumpta Fontseca","og_description":"\u00a1La escalivada es un plato inmejorable! Todo un mundo de combinaciones hace de este, un plato que siempre gusta encontrarlo en la mesa.","og_url":"https:\/\/assumptafontseca.cat\/es\/recetas\/de-lhort\/escalivada\/","og_site_name":"Assumpta Fontseca","article_modified_time":"2022-03-09T16:00:34+00:00","og_image":[{"width":1000,"height":1000,"url":"https:\/\/assumptafontseca.cat\/wp-content\/uploads\/2022\/02\/escalivada.jpg","type":"image\/jpeg"}],"twitter_card":"summary_large_image","schema":{"@context":"https:\/\/schema.org","@graph":[{"@type":"WebPage","@id":"https:\/\/assumptafontseca.cat\/es\/recetas\/de-lhort\/escalivada\/","url":"https:\/\/assumptafontseca.cat\/es\/recetas\/de-lhort\/escalivada\/","name":"Escalivada - Assumpta Fontseca","isPartOf":{"@id":"https:\/\/assumptafontseca.cat\/#website"},"primaryImageOfPage":{"@id":"https:\/\/assumptafontseca.cat\/es\/recetas\/de-lhort\/escalivada\/#primaryimage"},"image":{"@id":"https:\/\/assumptafontseca.cat\/es\/recetas\/de-lhort\/escalivada\/#primaryimage"},"thumbnailUrl":"https:\/\/assumptafontseca.cat\/wp-content\/uploads\/2022\/02\/escalivada.jpg","datePublished":"2022-02-02T07:30:17+00:00","dateModified":"2022-03-09T16:00:34+00:00","description":"\u00a1La escalivada es un plato inmejorable! Todo un mundo de combinaciones hace de este, un plato que siempre gusta encontrarlo en la mesa.","breadcrumb":{"@id":"https:\/\/assumptafontseca.cat\/es\/recetas\/de-lhort\/escalivada\/#breadcrumb"},"inLanguage":"es","potentialAction":[{"@type":"ReadAction","target":["https:\/\/assumptafontseca.cat\/es\/recetas\/de-lhort\/escalivada\/"]}]},{"@type":"ImageObject","inLanguage":"es","@id":"https:\/\/assumptafontseca.cat\/es\/recetas\/de-lhort\/escalivada\/#primaryimage","url":"https:\/\/assumptafontseca.cat\/wp-content\/uploads\/2022\/02\/escalivada.jpg","contentUrl":"https:\/\/assumptafontseca.cat\/wp-content\/uploads\/2022\/02\/escalivada.jpg","width":1000,"height":1000,"caption":"escalivada"},{"@type":"BreadcrumbList","@id":"https:\/\/assumptafontseca.cat\/es\/recetas\/de-lhort\/escalivada\/#breadcrumb","itemListElement":[{"@type":"ListItem","position":1,"name":"Portada","item":"https:\/\/assumptafontseca.cat\/"},{"@type":"ListItem","position":2,"name":"Productos","item":"https:\/\/assumptafontseca.cat\/tienda\/"},{"@type":"ListItem","position":3,"name":"De l\u2019hort","item":"https:\/\/assumptafontseca.cat\/plats-cuinats\/de-lhort\/"},{"@type":"ListItem","position":4,"name":"Escalivada"}]},{"@type":"WebSite","@id":"https:\/\/assumptafontseca.cat\/#website","url":"https:\/\/assumptafontseca.cat\/","name":"Assumpta Fontseca","description":"La passi\u00f3 que compartim per la \u201cfeina ben feta\u201d, \u00e9s la millor garantia que cadascun dels nostres plats ser\u00e0 \u00fanic i especial.","potentialAction":[{"@type":"SearchAction","target":{"@type":"EntryPoint","urlTemplate":"https:\/\/assumptafontseca.cat\/?s={search_term_string}"},"query-input":{"@type":"PropertyValueSpecification","valueRequired":true,"valueName":"search_term_string"}}],"inLanguage":"es"}]}},"_links":{"self":[{"href":"https:\/\/assumptafontseca.cat\/es\/wp-json\/wp\/v2\/product\/1776","targetHints":{"allow":["GET"]}}],"collection":[{"href":"https:\/\/assumptafontseca.cat\/es\/wp-json\/wp\/v2\/product"}],"about":[{"href":"https:\/\/assumptafontseca.cat\/es\/wp-json\/wp\/v2\/types\/product"}],"replies":[{"embeddable":true,"href":"https:\/\/assumptafontseca.cat\/es\/wp-json\/wp\/v2\/comments?post=1776"}],"version-history":[{"count":1,"href":"https:\/\/assumptafontseca.cat\/es\/wp-json\/wp\/v2\/product\/1776\/revisions"}],"predecessor-version":[{"id":1840,"href":"https:\/\/assumptafontseca.cat\/es\/wp-json\/wp\/v2\/product\/1776\/revisions\/1840"}],"wp:featuredmedia":[{"embeddable":true,"href":"https:\/\/assumptafontseca.cat\/es\/wp-json\/wp\/v2\/media\/1250"}],"wp:attachment":[{"href":"https:\/\/assumptafontseca.cat\/es\/wp-json\/wp\/v2\/media?parent=1776"}],"wp:term":[{"taxonomy":"product_brand","embeddable":true,"href":"https:\/\/assumptafontseca.cat\/es\/wp-json\/wp\/v2\/product_brand?post=1776"},{"taxonomy":"product_cat","embeddable":true,"href":"https:\/\/assumptafontseca.cat\/es\/wp-json\/wp\/v2\/product_cat?post=1776"},{"taxonomy":"product_tag","embeddable":true,"href":"https:\/\/assumptafontseca.cat\/es\/wp-json\/wp\/v2\/product_tag?post=1776"}],"curies":[{"name":"wp","href":"https:\/\/api.w.org\/{rel}","templated":true}]}}