{"id":1769,"date":"2022-02-02T08:46:47","date_gmt":"2022-02-02T08:46:47","guid":{"rendered":"https:\/\/assumptafontseca.cat\/receptes\/garbanzos-con-espinacas\/"},"modified":"2022-03-09T16:02:16","modified_gmt":"2022-03-09T16:02:16","slug":"garbanzos-con-espinacas","status":"publish","type":"product","link":"https:\/\/assumptafontseca.cat\/es\/recetas\/del-huerto\/garbanzos-con-espinacas\/","title":{"rendered":"Garbanzos con espinacas"},"content":{"rendered":"<p>Con dos ingredientes de lo m\u00e1s t\u00edpicos en todo el mundo, conseguimos una de las recetas m\u00e1s tradicionales de nuestra casa: los garbanzos con espinacas.<\/p>\n<p>Un plato totalmente equilibrado y nutritivo, que es la opci\u00f3n perfecta para los que segu\u00eds una dieta mediterr\u00e1nea y saludable.<\/p>\n","protected":false},"excerpt":{"rendered":"<p>500 gr.<\/p>\n","protected":false},"featured_media":1349,"comment_status":"open","ping_status":"closed","template":"","meta":{"_monsterinsights_skip_tracking":false,"_monsterinsights_sitenote_active":false,"_monsterinsights_sitenote_note":"","_monsterinsights_sitenote_category":0},"product_brand":[],"product_cat":[77],"product_tag":[179,180,174,215,217],"class_list":{"0":"post-1769","1":"product","2":"type-product","3":"status-publish","4":"has-post-thumbnail","6":"product_cat-del-huerto","7":"product_tag-equilibrado","8":"product_tag-espinacas","9":"product_tag-garbanzos","10":"product_tag-recetas-saludables","11":"product_tag-sano","13":"first","14":"instock","15":"shipping-taxable","16":"product-type-simple"},"yoast_head":"<!-- This site is optimized with the Yoast SEO plugin v27.2 - https:\/\/yoast.com\/product\/yoast-seo-wordpress\/ -->\n<title>Garbanzos con espinacas - Assumpta Fontseca<\/title>\n<meta name=\"description\" content=\"Un plato totalmente equilibrado y nutritivo, los garbanzos con espinacas son la opci\u00f3n perfecta para los que segu\u00eds una dieta mediterr\u00e1nea y saludable.\" \/>\n<meta name=\"robots\" content=\"index, follow, max-snippet:-1, max-image-preview:large, max-video-preview:-1\" \/>\n<link rel=\"canonical\" href=\"https:\/\/assumptafontseca.cat\/es\/recetas\/del-huerto\/garbanzos-con-espinacas\/\" \/>\n<meta property=\"og:locale\" content=\"es_ES\" \/>\n<meta property=\"og:type\" content=\"article\" \/>\n<meta property=\"og:title\" content=\"Garbanzos con espinacas - Assumpta Fontseca\" \/>\n<meta property=\"og:description\" content=\"Un plato totalmente equilibrado y nutritivo, los garbanzos con espinacas son la opci\u00f3n perfecta para los que segu\u00eds una dieta mediterr\u00e1nea y saludable.\" \/>\n<meta property=\"og:url\" content=\"https:\/\/assumptafontseca.cat\/es\/recetas\/del-huerto\/garbanzos-con-espinacas\/\" \/>\n<meta property=\"og:site_name\" content=\"Assumpta Fontseca\" \/>\n<meta property=\"article:modified_time\" content=\"2022-03-09T16:02:16+00:00\" \/>\n<meta property=\"og:image\" content=\"https:\/\/assumptafontseca.cat\/wp-content\/uploads\/2022\/02\/cigrons-amb-espinacs.jpg\" \/>\n\t<meta property=\"og:image:width\" content=\"1000\" \/>\n\t<meta property=\"og:image:height\" content=\"1000\" \/>\n\t<meta property=\"og:image:type\" content=\"image\/jpeg\" \/>\n<meta name=\"twitter:card\" content=\"summary_large_image\" \/>\n<script type=\"application\/ld+json\" class=\"yoast-schema-graph\">{\"@context\":\"https:\/\/schema.org\",\"@graph\":[{\"@type\":\"WebPage\",\"@id\":\"https:\/\/assumptafontseca.cat\/es\/recetas\/del-huerto\/garbanzos-con-espinacas\/\",\"url\":\"https:\/\/assumptafontseca.cat\/es\/recetas\/del-huerto\/garbanzos-con-espinacas\/\",\"name\":\"Garbanzos con espinacas - Assumpta Fontseca\",\"isPartOf\":{\"@id\":\"https:\/\/assumptafontseca.cat\/#website\"},\"primaryImageOfPage\":{\"@id\":\"https:\/\/assumptafontseca.cat\/es\/recetas\/del-huerto\/garbanzos-con-espinacas\/#primaryimage\"},\"image\":{\"@id\":\"https:\/\/assumptafontseca.cat\/es\/recetas\/del-huerto\/garbanzos-con-espinacas\/#primaryimage\"},\"thumbnailUrl\":\"https:\/\/assumptafontseca.cat\/wp-content\/uploads\/2022\/02\/cigrons-amb-espinacs.jpg\",\"datePublished\":\"2022-02-02T08:46:47+00:00\",\"dateModified\":\"2022-03-09T16:02:16+00:00\",\"description\":\"Un plato totalmente equilibrado y nutritivo, los garbanzos con espinacas son la opci\u00f3n perfecta para los que segu\u00eds una dieta mediterr\u00e1nea y saludable.\",\"breadcrumb\":{\"@id\":\"https:\/\/assumptafontseca.cat\/es\/recetas\/del-huerto\/garbanzos-con-espinacas\/#breadcrumb\"},\"inLanguage\":\"es\",\"potentialAction\":[{\"@type\":\"ReadAction\",\"target\":[\"https:\/\/assumptafontseca.cat\/es\/recetas\/del-huerto\/garbanzos-con-espinacas\/\"]}]},{\"@type\":\"ImageObject\",\"inLanguage\":\"es\",\"@id\":\"https:\/\/assumptafontseca.cat\/es\/recetas\/del-huerto\/garbanzos-con-espinacas\/#primaryimage\",\"url\":\"https:\/\/assumptafontseca.cat\/wp-content\/uploads\/2022\/02\/cigrons-amb-espinacs.jpg\",\"contentUrl\":\"https:\/\/assumptafontseca.cat\/wp-content\/uploads\/2022\/02\/cigrons-amb-espinacs.jpg\",\"width\":1000,\"height\":1000,\"caption\":\"garbanzos con espinacas\"},{\"@type\":\"BreadcrumbList\",\"@id\":\"https:\/\/assumptafontseca.cat\/es\/recetas\/del-huerto\/garbanzos-con-espinacas\/#breadcrumb\",\"itemListElement\":[{\"@type\":\"ListItem\",\"position\":1,\"name\":\"Portada\",\"item\":\"https:\/\/assumptafontseca.cat\/\"},{\"@type\":\"ListItem\",\"position\":2,\"name\":\"Productos\",\"item\":\"https:\/\/assumptafontseca.cat\/tienda\/\"},{\"@type\":\"ListItem\",\"position\":3,\"name\":\"Del huerto\",\"item\":\"https:\/\/assumptafontseca.cat\/es\/platos-cocinados\/del-huerto\/\"},{\"@type\":\"ListItem\",\"position\":4,\"name\":\"Garbanzos con espinacas\"}]},{\"@type\":\"WebSite\",\"@id\":\"https:\/\/assumptafontseca.cat\/#website\",\"url\":\"https:\/\/assumptafontseca.cat\/\",\"name\":\"Assumpta Fontseca\",\"description\":\"La passi\u00f3 que compartim per la \u201cfeina ben feta\u201d, \u00e9s la millor garantia que cadascun dels nostres plats ser\u00e0 \u00fanic i especial.\",\"potentialAction\":[{\"@type\":\"SearchAction\",\"target\":{\"@type\":\"EntryPoint\",\"urlTemplate\":\"https:\/\/assumptafontseca.cat\/?s={search_term_string}\"},\"query-input\":{\"@type\":\"PropertyValueSpecification\",\"valueRequired\":true,\"valueName\":\"search_term_string\"}}],\"inLanguage\":\"es\"}]}<\/script>\n<!-- \/ Yoast SEO plugin. -->","yoast_head_json":{"title":"Garbanzos con espinacas - Assumpta Fontseca","description":"Un plato totalmente equilibrado y nutritivo, los garbanzos con espinacas son la opci\u00f3n perfecta para los que segu\u00eds una dieta mediterr\u00e1nea y saludable.","robots":{"index":"index","follow":"follow","max-snippet":"max-snippet:-1","max-image-preview":"max-image-preview:large","max-video-preview":"max-video-preview:-1"},"canonical":"https:\/\/assumptafontseca.cat\/es\/recetas\/del-huerto\/garbanzos-con-espinacas\/","og_locale":"es_ES","og_type":"article","og_title":"Garbanzos con espinacas - Assumpta Fontseca","og_description":"Un plato totalmente equilibrado y nutritivo, los garbanzos con espinacas son la opci\u00f3n perfecta para los que segu\u00eds una dieta mediterr\u00e1nea y saludable.","og_url":"https:\/\/assumptafontseca.cat\/es\/recetas\/del-huerto\/garbanzos-con-espinacas\/","og_site_name":"Assumpta Fontseca","article_modified_time":"2022-03-09T16:02:16+00:00","og_image":[{"width":1000,"height":1000,"url":"https:\/\/assumptafontseca.cat\/wp-content\/uploads\/2022\/02\/cigrons-amb-espinacs.jpg","type":"image\/jpeg"}],"twitter_card":"summary_large_image","schema":{"@context":"https:\/\/schema.org","@graph":[{"@type":"WebPage","@id":"https:\/\/assumptafontseca.cat\/es\/recetas\/del-huerto\/garbanzos-con-espinacas\/","url":"https:\/\/assumptafontseca.cat\/es\/recetas\/del-huerto\/garbanzos-con-espinacas\/","name":"Garbanzos con espinacas - Assumpta Fontseca","isPartOf":{"@id":"https:\/\/assumptafontseca.cat\/#website"},"primaryImageOfPage":{"@id":"https:\/\/assumptafontseca.cat\/es\/recetas\/del-huerto\/garbanzos-con-espinacas\/#primaryimage"},"image":{"@id":"https:\/\/assumptafontseca.cat\/es\/recetas\/del-huerto\/garbanzos-con-espinacas\/#primaryimage"},"thumbnailUrl":"https:\/\/assumptafontseca.cat\/wp-content\/uploads\/2022\/02\/cigrons-amb-espinacs.jpg","datePublished":"2022-02-02T08:46:47+00:00","dateModified":"2022-03-09T16:02:16+00:00","description":"Un plato totalmente equilibrado y nutritivo, los garbanzos con espinacas son la opci\u00f3n perfecta para los que segu\u00eds una dieta mediterr\u00e1nea y saludable.","breadcrumb":{"@id":"https:\/\/assumptafontseca.cat\/es\/recetas\/del-huerto\/garbanzos-con-espinacas\/#breadcrumb"},"inLanguage":"es","potentialAction":[{"@type":"ReadAction","target":["https:\/\/assumptafontseca.cat\/es\/recetas\/del-huerto\/garbanzos-con-espinacas\/"]}]},{"@type":"ImageObject","inLanguage":"es","@id":"https:\/\/assumptafontseca.cat\/es\/recetas\/del-huerto\/garbanzos-con-espinacas\/#primaryimage","url":"https:\/\/assumptafontseca.cat\/wp-content\/uploads\/2022\/02\/cigrons-amb-espinacs.jpg","contentUrl":"https:\/\/assumptafontseca.cat\/wp-content\/uploads\/2022\/02\/cigrons-amb-espinacs.jpg","width":1000,"height":1000,"caption":"garbanzos con espinacas"},{"@type":"BreadcrumbList","@id":"https:\/\/assumptafontseca.cat\/es\/recetas\/del-huerto\/garbanzos-con-espinacas\/#breadcrumb","itemListElement":[{"@type":"ListItem","position":1,"name":"Portada","item":"https:\/\/assumptafontseca.cat\/"},{"@type":"ListItem","position":2,"name":"Productos","item":"https:\/\/assumptafontseca.cat\/tienda\/"},{"@type":"ListItem","position":3,"name":"Del huerto","item":"https:\/\/assumptafontseca.cat\/es\/platos-cocinados\/del-huerto\/"},{"@type":"ListItem","position":4,"name":"Garbanzos con espinacas"}]},{"@type":"WebSite","@id":"https:\/\/assumptafontseca.cat\/#website","url":"https:\/\/assumptafontseca.cat\/","name":"Assumpta Fontseca","description":"La passi\u00f3 que compartim per la \u201cfeina ben feta\u201d, \u00e9s la millor garantia que cadascun dels nostres plats ser\u00e0 \u00fanic i especial.","potentialAction":[{"@type":"SearchAction","target":{"@type":"EntryPoint","urlTemplate":"https:\/\/assumptafontseca.cat\/?s={search_term_string}"},"query-input":{"@type":"PropertyValueSpecification","valueRequired":true,"valueName":"search_term_string"}}],"inLanguage":"es"}]}},"_links":{"self":[{"href":"https:\/\/assumptafontseca.cat\/es\/wp-json\/wp\/v2\/product\/1769","targetHints":{"allow":["GET"]}}],"collection":[{"href":"https:\/\/assumptafontseca.cat\/es\/wp-json\/wp\/v2\/product"}],"about":[{"href":"https:\/\/assumptafontseca.cat\/es\/wp-json\/wp\/v2\/types\/product"}],"replies":[{"embeddable":true,"href":"https:\/\/assumptafontseca.cat\/es\/wp-json\/wp\/v2\/comments?post=1769"}],"version-history":[{"count":1,"href":"https:\/\/assumptafontseca.cat\/es\/wp-json\/wp\/v2\/product\/1769\/revisions"}],"predecessor-version":[{"id":1850,"href":"https:\/\/assumptafontseca.cat\/es\/wp-json\/wp\/v2\/product\/1769\/revisions\/1850"}],"wp:featuredmedia":[{"embeddable":true,"href":"https:\/\/assumptafontseca.cat\/es\/wp-json\/wp\/v2\/media\/1349"}],"wp:attachment":[{"href":"https:\/\/assumptafontseca.cat\/es\/wp-json\/wp\/v2\/media?parent=1769"}],"wp:term":[{"taxonomy":"product_brand","embeddable":true,"href":"https:\/\/assumptafontseca.cat\/es\/wp-json\/wp\/v2\/product_brand?post=1769"},{"taxonomy":"product_cat","embeddable":true,"href":"https:\/\/assumptafontseca.cat\/es\/wp-json\/wp\/v2\/product_cat?post=1769"},{"taxonomy":"product_tag","embeddable":true,"href":"https:\/\/assumptafontseca.cat\/es\/wp-json\/wp\/v2\/product_tag?post=1769"}],"curies":[{"name":"wp","href":"https:\/\/api.w.org\/{rel}","templated":true}]}}