{"id":1691,"date":"2022-02-02T07:24:35","date_gmt":"2022-02-02T07:24:35","guid":{"rendered":"https:\/\/assumptafontseca.cat\/receptes\/albondigas-en-salsa\/"},"modified":"2022-02-18T08:53:18","modified_gmt":"2022-02-18T08:53:18","slug":"albondigas-en-salsa","status":"publish","type":"product","link":"https:\/\/assumptafontseca.cat\/es\/recetas\/de-payes\/albondigas-en-salsa\/","title":{"rendered":"Alb\u00f3ndigas en salsa"},"content":{"rendered":"<p>Si te gusta mojar pan, no puedes dejar de probar \u00a1nuestras alb\u00f3ndigas en salsa! Un variado de guisantes, champi\u00f1ones y zanahoria acompa\u00f1an la receta original y \u00fanica que seguimos para elaborar nuestras alb\u00f3ndigas.<\/p>\n<p>\u00bfQuieres todas las alb\u00f3ndigas (y toda la salsa) solo para ti? Tambi\u00e9n las tenemos en formato de <a href=\"https:\/\/assumptafontseca.cat\/es\/recetas\/albondigas-racion\/\"><strong>una raci\u00f3n<\/strong><\/a>.<\/p>\n","protected":false},"excerpt":{"rendered":"<p>2 raciones \/ 500 gr.<\/p>\n","protected":false},"featured_media":1238,"comment_status":"open","ping_status":"closed","template":"","meta":{"_monsterinsights_skip_tracking":false,"_monsterinsights_sitenote_active":false,"_monsterinsights_sitenote_note":"","_monsterinsights_sitenote_category":0},"product_brand":[],"product_cat":[83],"product_tag":[193,173,210],"class_list":{"0":"post-1691","1":"product","2":"type-product","3":"status-publish","4":"has-post-thumbnail","6":"product_cat-de-payes","7":"product_tag-albondigas","8":"product_tag-carne","9":"product_tag-recetas-de-carne","11":"first","12":"instock","13":"shipping-taxable","14":"product-type-simple"},"yoast_head":"<!-- This site is optimized with the Yoast SEO plugin v27.2 - https:\/\/yoast.com\/product\/yoast-seo-wordpress\/ -->\n<title>Alb\u00f3ndigas en salsa - Assumpta Fontseca<\/title>\n<meta name=\"description\" content=\"Un variado de guisantes, champi\u00f1ones y zanahoria acompa\u00f1an la receta original y \u00fanica de nuestras alb\u00f3ndigas.\" \/>\n<meta name=\"robots\" content=\"index, follow, max-snippet:-1, max-image-preview:large, max-video-preview:-1\" \/>\n<link rel=\"canonical\" href=\"https:\/\/assumptafontseca.cat\/es\/recetas\/de-pages\/albondigas-en-salsa\/\" \/>\n<meta property=\"og:locale\" content=\"es_ES\" \/>\n<meta property=\"og:type\" content=\"article\" \/>\n<meta property=\"og:title\" content=\"Alb\u00f3ndigas en salsa - Assumpta Fontseca\" \/>\n<meta property=\"og:description\" content=\"Un variado de guisantes, champi\u00f1ones y zanahoria acompa\u00f1an la receta original y \u00fanica de nuestras alb\u00f3ndigas.\" \/>\n<meta property=\"og:url\" content=\"https:\/\/assumptafontseca.cat\/es\/recetas\/de-pages\/albondigas-en-salsa\/\" \/>\n<meta property=\"og:site_name\" content=\"Assumpta Fontseca\" \/>\n<meta property=\"article:modified_time\" content=\"2022-02-18T08:53:18+00:00\" \/>\n<meta property=\"og:image\" content=\"https:\/\/assumptafontseca.cat\/wp-content\/uploads\/2022\/02\/mandonguilles-2-unitats.jpg\" \/>\n\t<meta property=\"og:image:width\" content=\"1000\" \/>\n\t<meta property=\"og:image:height\" content=\"1000\" \/>\n\t<meta property=\"og:image:type\" content=\"image\/jpeg\" \/>\n<meta name=\"twitter:card\" content=\"summary_large_image\" \/>\n<script type=\"application\/ld+json\" class=\"yoast-schema-graph\">{\"@context\":\"https:\/\/schema.org\",\"@graph\":[{\"@type\":\"WebPage\",\"@id\":\"https:\/\/assumptafontseca.cat\/es\/recetas\/de-pages\/albondigas-en-salsa\/\",\"url\":\"https:\/\/assumptafontseca.cat\/es\/recetas\/de-pages\/albondigas-en-salsa\/\",\"name\":\"Alb\u00f3ndigas en salsa - Assumpta Fontseca\",\"isPartOf\":{\"@id\":\"https:\/\/assumptafontseca.cat\/#website\"},\"primaryImageOfPage\":{\"@id\":\"https:\/\/assumptafontseca.cat\/es\/recetas\/de-pages\/albondigas-en-salsa\/#primaryimage\"},\"image\":{\"@id\":\"https:\/\/assumptafontseca.cat\/es\/recetas\/de-pages\/albondigas-en-salsa\/#primaryimage\"},\"thumbnailUrl\":\"https:\/\/assumptafontseca.cat\/wp-content\/uploads\/2022\/02\/mandonguilles-2-unitats.jpg\",\"datePublished\":\"2022-02-02T07:24:35+00:00\",\"dateModified\":\"2022-02-18T08:53:18+00:00\",\"description\":\"Un variado de guisantes, champi\u00f1ones y zanahoria acompa\u00f1an la receta original y \u00fanica de nuestras alb\u00f3ndigas.\",\"breadcrumb\":{\"@id\":\"https:\/\/assumptafontseca.cat\/es\/recetas\/de-pages\/albondigas-en-salsa\/#breadcrumb\"},\"inLanguage\":\"es\",\"potentialAction\":[{\"@type\":\"ReadAction\",\"target\":[\"https:\/\/assumptafontseca.cat\/es\/recetas\/de-pages\/albondigas-en-salsa\/\"]}]},{\"@type\":\"ImageObject\",\"inLanguage\":\"es\",\"@id\":\"https:\/\/assumptafontseca.cat\/es\/recetas\/de-pages\/albondigas-en-salsa\/#primaryimage\",\"url\":\"https:\/\/assumptafontseca.cat\/wp-content\/uploads\/2022\/02\/mandonguilles-2-unitats.jpg\",\"contentUrl\":\"https:\/\/assumptafontseca.cat\/wp-content\/uploads\/2022\/02\/mandonguilles-2-unitats.jpg\",\"width\":1000,\"height\":1000,\"caption\":\"Alb\u00f3ndigas en salsa para dos personas\"},{\"@type\":\"BreadcrumbList\",\"@id\":\"https:\/\/assumptafontseca.cat\/es\/recetas\/de-pages\/albondigas-en-salsa\/#breadcrumb\",\"itemListElement\":[{\"@type\":\"ListItem\",\"position\":1,\"name\":\"Portada\",\"item\":\"https:\/\/assumptafontseca.cat\/\"},{\"@type\":\"ListItem\",\"position\":2,\"name\":\"Productos\",\"item\":\"https:\/\/assumptafontseca.cat\/tienda\/\"},{\"@type\":\"ListItem\",\"position\":3,\"name\":\"De pag\u00e8s\",\"item\":\"https:\/\/assumptafontseca.cat\/plats-cuinats\/de-pages\/\"},{\"@type\":\"ListItem\",\"position\":4,\"name\":\"Alb\u00f3ndigas en salsa\"}]},{\"@type\":\"WebSite\",\"@id\":\"https:\/\/assumptafontseca.cat\/#website\",\"url\":\"https:\/\/assumptafontseca.cat\/\",\"name\":\"Assumpta Fontseca\",\"description\":\"La passi\u00f3 que compartim per la \u201cfeina ben feta\u201d, \u00e9s la millor garantia que cadascun dels nostres plats ser\u00e0 \u00fanic i especial.\",\"potentialAction\":[{\"@type\":\"SearchAction\",\"target\":{\"@type\":\"EntryPoint\",\"urlTemplate\":\"https:\/\/assumptafontseca.cat\/?s={search_term_string}\"},\"query-input\":{\"@type\":\"PropertyValueSpecification\",\"valueRequired\":true,\"valueName\":\"search_term_string\"}}],\"inLanguage\":\"es\"}]}<\/script>\n<!-- \/ Yoast SEO plugin. -->","yoast_head_json":{"title":"Alb\u00f3ndigas en salsa - Assumpta Fontseca","description":"Un variado de guisantes, champi\u00f1ones y zanahoria acompa\u00f1an la receta original y \u00fanica de nuestras alb\u00f3ndigas.","robots":{"index":"index","follow":"follow","max-snippet":"max-snippet:-1","max-image-preview":"max-image-preview:large","max-video-preview":"max-video-preview:-1"},"canonical":"https:\/\/assumptafontseca.cat\/es\/recetas\/de-pages\/albondigas-en-salsa\/","og_locale":"es_ES","og_type":"article","og_title":"Alb\u00f3ndigas en salsa - Assumpta Fontseca","og_description":"Un variado de guisantes, champi\u00f1ones y zanahoria acompa\u00f1an la receta original y \u00fanica de nuestras alb\u00f3ndigas.","og_url":"https:\/\/assumptafontseca.cat\/es\/recetas\/de-pages\/albondigas-en-salsa\/","og_site_name":"Assumpta Fontseca","article_modified_time":"2022-02-18T08:53:18+00:00","og_image":[{"width":1000,"height":1000,"url":"https:\/\/assumptafontseca.cat\/wp-content\/uploads\/2022\/02\/mandonguilles-2-unitats.jpg","type":"image\/jpeg"}],"twitter_card":"summary_large_image","schema":{"@context":"https:\/\/schema.org","@graph":[{"@type":"WebPage","@id":"https:\/\/assumptafontseca.cat\/es\/recetas\/de-pages\/albondigas-en-salsa\/","url":"https:\/\/assumptafontseca.cat\/es\/recetas\/de-pages\/albondigas-en-salsa\/","name":"Alb\u00f3ndigas en salsa - Assumpta Fontseca","isPartOf":{"@id":"https:\/\/assumptafontseca.cat\/#website"},"primaryImageOfPage":{"@id":"https:\/\/assumptafontseca.cat\/es\/recetas\/de-pages\/albondigas-en-salsa\/#primaryimage"},"image":{"@id":"https:\/\/assumptafontseca.cat\/es\/recetas\/de-pages\/albondigas-en-salsa\/#primaryimage"},"thumbnailUrl":"https:\/\/assumptafontseca.cat\/wp-content\/uploads\/2022\/02\/mandonguilles-2-unitats.jpg","datePublished":"2022-02-02T07:24:35+00:00","dateModified":"2022-02-18T08:53:18+00:00","description":"Un variado de guisantes, champi\u00f1ones y zanahoria acompa\u00f1an la receta original y \u00fanica de nuestras alb\u00f3ndigas.","breadcrumb":{"@id":"https:\/\/assumptafontseca.cat\/es\/recetas\/de-pages\/albondigas-en-salsa\/#breadcrumb"},"inLanguage":"es","potentialAction":[{"@type":"ReadAction","target":["https:\/\/assumptafontseca.cat\/es\/recetas\/de-pages\/albondigas-en-salsa\/"]}]},{"@type":"ImageObject","inLanguage":"es","@id":"https:\/\/assumptafontseca.cat\/es\/recetas\/de-pages\/albondigas-en-salsa\/#primaryimage","url":"https:\/\/assumptafontseca.cat\/wp-content\/uploads\/2022\/02\/mandonguilles-2-unitats.jpg","contentUrl":"https:\/\/assumptafontseca.cat\/wp-content\/uploads\/2022\/02\/mandonguilles-2-unitats.jpg","width":1000,"height":1000,"caption":"Alb\u00f3ndigas en salsa para dos personas"},{"@type":"BreadcrumbList","@id":"https:\/\/assumptafontseca.cat\/es\/recetas\/de-pages\/albondigas-en-salsa\/#breadcrumb","itemListElement":[{"@type":"ListItem","position":1,"name":"Portada","item":"https:\/\/assumptafontseca.cat\/"},{"@type":"ListItem","position":2,"name":"Productos","item":"https:\/\/assumptafontseca.cat\/tienda\/"},{"@type":"ListItem","position":3,"name":"De pag\u00e8s","item":"https:\/\/assumptafontseca.cat\/plats-cuinats\/de-pages\/"},{"@type":"ListItem","position":4,"name":"Alb\u00f3ndigas en salsa"}]},{"@type":"WebSite","@id":"https:\/\/assumptafontseca.cat\/#website","url":"https:\/\/assumptafontseca.cat\/","name":"Assumpta Fontseca","description":"La passi\u00f3 que compartim per la \u201cfeina ben feta\u201d, \u00e9s la millor garantia que cadascun dels nostres plats ser\u00e0 \u00fanic i especial.","potentialAction":[{"@type":"SearchAction","target":{"@type":"EntryPoint","urlTemplate":"https:\/\/assumptafontseca.cat\/?s={search_term_string}"},"query-input":{"@type":"PropertyValueSpecification","valueRequired":true,"valueName":"search_term_string"}}],"inLanguage":"es"}]}},"_links":{"self":[{"href":"https:\/\/assumptafontseca.cat\/es\/wp-json\/wp\/v2\/product\/1691","targetHints":{"allow":["GET"]}}],"collection":[{"href":"https:\/\/assumptafontseca.cat\/es\/wp-json\/wp\/v2\/product"}],"about":[{"href":"https:\/\/assumptafontseca.cat\/es\/wp-json\/wp\/v2\/types\/product"}],"replies":[{"embeddable":true,"href":"https:\/\/assumptafontseca.cat\/es\/wp-json\/wp\/v2\/comments?post=1691"}],"version-history":[{"count":1,"href":"https:\/\/assumptafontseca.cat\/es\/wp-json\/wp\/v2\/product\/1691\/revisions"}],"predecessor-version":[{"id":1720,"href":"https:\/\/assumptafontseca.cat\/es\/wp-json\/wp\/v2\/product\/1691\/revisions\/1720"}],"wp:featuredmedia":[{"embeddable":true,"href":"https:\/\/assumptafontseca.cat\/es\/wp-json\/wp\/v2\/media\/1238"}],"wp:attachment":[{"href":"https:\/\/assumptafontseca.cat\/es\/wp-json\/wp\/v2\/media?parent=1691"}],"wp:term":[{"taxonomy":"product_brand","embeddable":true,"href":"https:\/\/assumptafontseca.cat\/es\/wp-json\/wp\/v2\/product_brand?post=1691"},{"taxonomy":"product_cat","embeddable":true,"href":"https:\/\/assumptafontseca.cat\/es\/wp-json\/wp\/v2\/product_cat?post=1691"},{"taxonomy":"product_tag","embeddable":true,"href":"https:\/\/assumptafontseca.cat\/es\/wp-json\/wp\/v2\/product_tag?post=1691"}],"curies":[{"name":"wp","href":"https:\/\/api.w.org\/{rel}","templated":true}]}}