{"id":1683,"date":"2022-02-01T10:06:56","date_gmt":"2022-02-01T10:06:56","guid":{"rendered":"https:\/\/assumptafontseca.cat\/receptes\/canelones-de-marisco\/"},"modified":"2022-02-18T08:48:16","modified_gmt":"2022-02-18T08:48:16","slug":"canelones-de-marisco","status":"publish","type":"product","link":"https:\/\/assumptafontseca.cat\/es\/recetas\/canelones\/canelones-de-marisco\/","title":{"rendered":"Canelones de marisco"},"content":{"rendered":"<p>Est\u00e1bamos enamorados de la receta original de los canelones de carne que Assumpta empez\u00f3 a servir en el a\u00f1o 1963 en su restaurante. Y por eso decidimos, manteniendo su saber hacer, probar con nuevos sabores como estos deliciosos canelones de marisco.<\/p>\n<p>Con el paso del tiempo, hemos seguido ofreci\u00e9ndoos nuevos sabores, pero siempre manteni\u00e9ndonos fieles a aquella primera receta que ha llevado a nuestros canelones a ser \u00a1unos de los m\u00e1s deseados!<\/p>\n<p>Si todav\u00eda no los hab\u00e9is probado, no os perd\u00e1is nuestros canelones de <a href=\"https:\/\/assumptafontseca.cat\/es\/recetas\/canelones-de-verduras-y-setas\/\"><strong>de verduras y setas<\/strong><\/a>, los <a href=\"https:\/\/assumptafontseca.cat\/es\/recetas\/canelones-de-espinacas-y-bacalao\/\"><strong>de espinacas y bacalao<\/strong><\/a>, los <a href=\"https:\/\/assumptafontseca.cat\/es\/recetas\/canelones-de-foie-y-trufa\/\"><strong>de foie y trufa<\/strong><\/a>, y como no, los originales de carne en formato de <strong><a href=\"https:\/\/assumptafontseca.cat\/es\/recetas\/canelones-de-carne\/\">6 unidades<\/a><\/strong> o <a href=\"https:\/\/assumptafontseca.cat\/es\/recetas\/canelones-de-carne-racion\/\"><strong>3 unidades<\/strong><\/a>.<\/p>\n","protected":false},"excerpt":{"rendered":"<p>6 unidades \/ 650 gr.<\/p>\n","protected":false},"featured_media":1194,"comment_status":"open","ping_status":"closed","template":"","meta":{"_monsterinsights_skip_tracking":false,"_monsterinsights_sitenote_active":false,"_monsterinsights_sitenote_note":"","_monsterinsights_sitenote_category":0},"product_brand":[],"product_cat":[82],"product_tag":[169,172,194,197,212],"class_list":{"0":"post-1683","1":"product","2":"type-product","3":"status-publish","4":"has-post-thumbnail","6":"product_cat-canelones","7":"product_tag-canelones","8":"product_tag-canelones-de-marisco","9":"product_tag-marisco","10":"product_tag-pescado","11":"product_tag-recetas-de-pescado","13":"first","14":"instock","15":"shipping-taxable","16":"product-type-simple"},"yoast_head":"<!-- This site is optimized with the Yoast SEO plugin v27.2 - https:\/\/yoast.com\/product\/yoast-seo-wordpress\/ -->\n<title>Canelones de marisco - Assumpta Fontseca<\/title>\n<meta name=\"description\" content=\"Fieles a nuestra receta original, innovamos con unos deliciosos canelones de marisco manteniendo el saber hacer que tanto nos gusta.\" \/>\n<meta name=\"robots\" content=\"index, follow, max-snippet:-1, max-image-preview:large, max-video-preview:-1\" \/>\n<link rel=\"canonical\" href=\"https:\/\/assumptafontseca.cat\/es\/recetas\/canelons\/canelones-de-marisco\/\" \/>\n<meta property=\"og:locale\" content=\"es_ES\" \/>\n<meta property=\"og:type\" content=\"article\" \/>\n<meta property=\"og:title\" content=\"Canelones de marisco - Assumpta Fontseca\" \/>\n<meta property=\"og:description\" content=\"Fieles a nuestra receta original, innovamos con unos deliciosos canelones de marisco manteniendo el saber hacer que tanto nos gusta.\" \/>\n<meta property=\"og:url\" content=\"https:\/\/assumptafontseca.cat\/es\/recetas\/canelons\/canelones-de-marisco\/\" \/>\n<meta property=\"og:site_name\" content=\"Assumpta Fontseca\" \/>\n<meta property=\"article:modified_time\" content=\"2022-02-18T08:48:16+00:00\" \/>\n<meta property=\"og:image\" content=\"https:\/\/assumptafontseca.cat\/wp-content\/uploads\/2022\/02\/canelons-de-marisc.jpg\" \/>\n\t<meta property=\"og:image:width\" content=\"1000\" \/>\n\t<meta property=\"og:image:height\" content=\"1000\" \/>\n\t<meta property=\"og:image:type\" content=\"image\/jpeg\" \/>\n<meta name=\"twitter:card\" content=\"summary_large_image\" \/>\n<meta name=\"twitter:label1\" content=\"Tiempo de lectura\" \/>\n\t<meta name=\"twitter:data1\" content=\"1 minuto\" \/>\n<script type=\"application\/ld+json\" class=\"yoast-schema-graph\">{\"@context\":\"https:\/\/schema.org\",\"@graph\":[{\"@type\":\"WebPage\",\"@id\":\"https:\/\/assumptafontseca.cat\/es\/recetas\/canelons\/canelones-de-marisco\/\",\"url\":\"https:\/\/assumptafontseca.cat\/es\/recetas\/canelons\/canelones-de-marisco\/\",\"name\":\"Canelones de marisco - Assumpta Fontseca\",\"isPartOf\":{\"@id\":\"https:\/\/assumptafontseca.cat\/#website\"},\"primaryImageOfPage\":{\"@id\":\"https:\/\/assumptafontseca.cat\/es\/recetas\/canelons\/canelones-de-marisco\/#primaryimage\"},\"image\":{\"@id\":\"https:\/\/assumptafontseca.cat\/es\/recetas\/canelons\/canelones-de-marisco\/#primaryimage\"},\"thumbnailUrl\":\"https:\/\/assumptafontseca.cat\/wp-content\/uploads\/2022\/02\/canelons-de-marisc.jpg\",\"datePublished\":\"2022-02-01T10:06:56+00:00\",\"dateModified\":\"2022-02-18T08:48:16+00:00\",\"description\":\"Fieles a nuestra receta original, innovamos con unos deliciosos canelones de marisco manteniendo el saber hacer que tanto nos gusta.\",\"breadcrumb\":{\"@id\":\"https:\/\/assumptafontseca.cat\/es\/recetas\/canelons\/canelones-de-marisco\/#breadcrumb\"},\"inLanguage\":\"es\",\"potentialAction\":[{\"@type\":\"ReadAction\",\"target\":[\"https:\/\/assumptafontseca.cat\/es\/recetas\/canelons\/canelones-de-marisco\/\"]}]},{\"@type\":\"ImageObject\",\"inLanguage\":\"es\",\"@id\":\"https:\/\/assumptafontseca.cat\/es\/recetas\/canelons\/canelones-de-marisco\/#primaryimage\",\"url\":\"https:\/\/assumptafontseca.cat\/wp-content\/uploads\/2022\/02\/canelons-de-marisc.jpg\",\"contentUrl\":\"https:\/\/assumptafontseca.cat\/wp-content\/uploads\/2022\/02\/canelons-de-marisc.jpg\",\"width\":1000,\"height\":1000,\"caption\":\"Bandeja de canelones de marisco de 6 unidades\"},{\"@type\":\"BreadcrumbList\",\"@id\":\"https:\/\/assumptafontseca.cat\/es\/recetas\/canelons\/canelones-de-marisco\/#breadcrumb\",\"itemListElement\":[{\"@type\":\"ListItem\",\"position\":1,\"name\":\"Portada\",\"item\":\"https:\/\/assumptafontseca.cat\/\"},{\"@type\":\"ListItem\",\"position\":2,\"name\":\"Productos\",\"item\":\"https:\/\/assumptafontseca.cat\/tienda\/\"},{\"@type\":\"ListItem\",\"position\":3,\"name\":\"Canelons\",\"item\":\"https:\/\/assumptafontseca.cat\/plats-cuinats\/canelons\/\"},{\"@type\":\"ListItem\",\"position\":4,\"name\":\"Canelones de marisco\"}]},{\"@type\":\"WebSite\",\"@id\":\"https:\/\/assumptafontseca.cat\/#website\",\"url\":\"https:\/\/assumptafontseca.cat\/\",\"name\":\"Assumpta Fontseca\",\"description\":\"La passi\u00f3 que compartim per la \u201cfeina ben feta\u201d, \u00e9s la millor garantia que cadascun dels nostres plats ser\u00e0 \u00fanic i especial.\",\"potentialAction\":[{\"@type\":\"SearchAction\",\"target\":{\"@type\":\"EntryPoint\",\"urlTemplate\":\"https:\/\/assumptafontseca.cat\/?s={search_term_string}\"},\"query-input\":{\"@type\":\"PropertyValueSpecification\",\"valueRequired\":true,\"valueName\":\"search_term_string\"}}],\"inLanguage\":\"es\"}]}<\/script>\n<!-- \/ Yoast SEO plugin. -->","yoast_head_json":{"title":"Canelones de marisco - Assumpta Fontseca","description":"Fieles a nuestra receta original, innovamos con unos deliciosos canelones de marisco manteniendo el saber hacer que tanto nos gusta.","robots":{"index":"index","follow":"follow","max-snippet":"max-snippet:-1","max-image-preview":"max-image-preview:large","max-video-preview":"max-video-preview:-1"},"canonical":"https:\/\/assumptafontseca.cat\/es\/recetas\/canelons\/canelones-de-marisco\/","og_locale":"es_ES","og_type":"article","og_title":"Canelones de marisco - Assumpta Fontseca","og_description":"Fieles a nuestra receta original, innovamos con unos deliciosos canelones de marisco manteniendo el saber hacer que tanto nos gusta.","og_url":"https:\/\/assumptafontseca.cat\/es\/recetas\/canelons\/canelones-de-marisco\/","og_site_name":"Assumpta Fontseca","article_modified_time":"2022-02-18T08:48:16+00:00","og_image":[{"width":1000,"height":1000,"url":"https:\/\/assumptafontseca.cat\/wp-content\/uploads\/2022\/02\/canelons-de-marisc.jpg","type":"image\/jpeg"}],"twitter_card":"summary_large_image","twitter_misc":{"Tiempo de lectura":"1 minuto"},"schema":{"@context":"https:\/\/schema.org","@graph":[{"@type":"WebPage","@id":"https:\/\/assumptafontseca.cat\/es\/recetas\/canelons\/canelones-de-marisco\/","url":"https:\/\/assumptafontseca.cat\/es\/recetas\/canelons\/canelones-de-marisco\/","name":"Canelones de marisco - Assumpta Fontseca","isPartOf":{"@id":"https:\/\/assumptafontseca.cat\/#website"},"primaryImageOfPage":{"@id":"https:\/\/assumptafontseca.cat\/es\/recetas\/canelons\/canelones-de-marisco\/#primaryimage"},"image":{"@id":"https:\/\/assumptafontseca.cat\/es\/recetas\/canelons\/canelones-de-marisco\/#primaryimage"},"thumbnailUrl":"https:\/\/assumptafontseca.cat\/wp-content\/uploads\/2022\/02\/canelons-de-marisc.jpg","datePublished":"2022-02-01T10:06:56+00:00","dateModified":"2022-02-18T08:48:16+00:00","description":"Fieles a nuestra receta original, innovamos con unos deliciosos canelones de marisco manteniendo el saber hacer que tanto nos gusta.","breadcrumb":{"@id":"https:\/\/assumptafontseca.cat\/es\/recetas\/canelons\/canelones-de-marisco\/#breadcrumb"},"inLanguage":"es","potentialAction":[{"@type":"ReadAction","target":["https:\/\/assumptafontseca.cat\/es\/recetas\/canelons\/canelones-de-marisco\/"]}]},{"@type":"ImageObject","inLanguage":"es","@id":"https:\/\/assumptafontseca.cat\/es\/recetas\/canelons\/canelones-de-marisco\/#primaryimage","url":"https:\/\/assumptafontseca.cat\/wp-content\/uploads\/2022\/02\/canelons-de-marisc.jpg","contentUrl":"https:\/\/assumptafontseca.cat\/wp-content\/uploads\/2022\/02\/canelons-de-marisc.jpg","width":1000,"height":1000,"caption":"Bandeja de canelones de marisco de 6 unidades"},{"@type":"BreadcrumbList","@id":"https:\/\/assumptafontseca.cat\/es\/recetas\/canelons\/canelones-de-marisco\/#breadcrumb","itemListElement":[{"@type":"ListItem","position":1,"name":"Portada","item":"https:\/\/assumptafontseca.cat\/"},{"@type":"ListItem","position":2,"name":"Productos","item":"https:\/\/assumptafontseca.cat\/tienda\/"},{"@type":"ListItem","position":3,"name":"Canelons","item":"https:\/\/assumptafontseca.cat\/plats-cuinats\/canelons\/"},{"@type":"ListItem","position":4,"name":"Canelones de marisco"}]},{"@type":"WebSite","@id":"https:\/\/assumptafontseca.cat\/#website","url":"https:\/\/assumptafontseca.cat\/","name":"Assumpta Fontseca","description":"La passi\u00f3 que compartim per la \u201cfeina ben feta\u201d, \u00e9s la millor garantia que cadascun dels nostres plats ser\u00e0 \u00fanic i especial.","potentialAction":[{"@type":"SearchAction","target":{"@type":"EntryPoint","urlTemplate":"https:\/\/assumptafontseca.cat\/?s={search_term_string}"},"query-input":{"@type":"PropertyValueSpecification","valueRequired":true,"valueName":"search_term_string"}}],"inLanguage":"es"}]}},"_links":{"self":[{"href":"https:\/\/assumptafontseca.cat\/es\/wp-json\/wp\/v2\/product\/1683","targetHints":{"allow":["GET"]}}],"collection":[{"href":"https:\/\/assumptafontseca.cat\/es\/wp-json\/wp\/v2\/product"}],"about":[{"href":"https:\/\/assumptafontseca.cat\/es\/wp-json\/wp\/v2\/types\/product"}],"replies":[{"embeddable":true,"href":"https:\/\/assumptafontseca.cat\/es\/wp-json\/wp\/v2\/comments?post=1683"}],"version-history":[{"count":2,"href":"https:\/\/assumptafontseca.cat\/es\/wp-json\/wp\/v2\/product\/1683\/revisions"}],"predecessor-version":[{"id":1718,"href":"https:\/\/assumptafontseca.cat\/es\/wp-json\/wp\/v2\/product\/1683\/revisions\/1718"}],"wp:featuredmedia":[{"embeddable":true,"href":"https:\/\/assumptafontseca.cat\/es\/wp-json\/wp\/v2\/media\/1194"}],"wp:attachment":[{"href":"https:\/\/assumptafontseca.cat\/es\/wp-json\/wp\/v2\/media?parent=1683"}],"wp:term":[{"taxonomy":"product_brand","embeddable":true,"href":"https:\/\/assumptafontseca.cat\/es\/wp-json\/wp\/v2\/product_brand?post=1683"},{"taxonomy":"product_cat","embeddable":true,"href":"https:\/\/assumptafontseca.cat\/es\/wp-json\/wp\/v2\/product_cat?post=1683"},{"taxonomy":"product_tag","embeddable":true,"href":"https:\/\/assumptafontseca.cat\/es\/wp-json\/wp\/v2\/product_tag?post=1683"}],"curies":[{"name":"wp","href":"https:\/\/api.w.org\/{rel}","templated":true}]}}